{"id":346,"date":"2018-02-02T11:01:17","date_gmt":"2018-02-02T14:01:17","guid":{"rendered":"https:\/\/multiclincard.com.br\/?post_type=product&#038;p=346"},"modified":"2024-07-15T20:06:12","modified_gmt":"2024-07-15T23:06:12","slug":"cadastro-multiclincard","status":"publish","type":"product","link":"https:\/\/dev.multicliniccard.com.br\/?product=cadastro-multiclincard","title":{"rendered":"Cadastro Multiclincard"},"content":{"rendered":"","protected":false},"excerpt":{"rendered":"<p>O cart\u00e3o, que proporciona acesso \u00e0 sa\u00fade de qualidade para usu\u00e1rios individuais e empresariais, faz parte de um programa no qual \u00e9 possivel obter descontos de\u00a0at\u00e9\u00a050% em todos os atendimentos realizados na<strong> Multiclin Salvador-Bahia<\/strong>, exceto para exames do Detran.<\/p>\n<p>Compre o <strong>Multiclincard <\/strong>pelo site por <strong>R$40,00<\/strong> anual para o<strong>\u00a0<\/strong>titular\u00a0e <strong>R$ 30,00<\/strong> para<strong>\u00a0<\/strong>cada dependente.<\/p>\n","protected":false},"featured_media":13976,"template":"","meta":[],"product_brand":[],"product_cat":[24],"product_tag":[],"class_list":{"0":"post-346","1":"product","2":"type-product","3":"status-publish","4":"has-post-thumbnail","6":"product_cat-sem-categoria","8":"first","9":"instock","10":"sale","11":"shipping-taxable","12":"purchasable","13":"product-type-variable","14":"has-default-attributes"},"_links":{"self":[{"href":"https:\/\/dev.multicliniccard.com.br\/index.php?rest_route=\/wp\/v2\/product\/346","targetHints":{"allow":["GET"]}}],"collection":[{"href":"https:\/\/dev.multicliniccard.com.br\/index.php?rest_route=\/wp\/v2\/product"}],"about":[{"href":"https:\/\/dev.multicliniccard.com.br\/index.php?rest_route=\/wp\/v2\/types\/product"}],"wp:featuredmedia":[{"embeddable":true,"href":"https:\/\/dev.multicliniccard.com.br\/index.php?rest_route=\/wp\/v2\/media\/13976"}],"wp:attachment":[{"href":"https:\/\/dev.multicliniccard.com.br\/index.php?rest_route=%2Fwp%2Fv2%2Fmedia&parent=346"}],"wp:term":[{"taxonomy":"product_brand","embeddable":true,"href":"https:\/\/dev.multicliniccard.com.br\/index.php?rest_route=%2Fwp%2Fv2%2Fproduct_brand&post=346"},{"taxonomy":"product_cat","embeddable":true,"href":"https:\/\/dev.multicliniccard.com.br\/index.php?rest_route=%2Fwp%2Fv2%2Fproduct_cat&post=346"},{"taxonomy":"product_tag","embeddable":true,"href":"https:\/\/dev.multicliniccard.com.br\/index.php?rest_route=%2Fwp%2Fv2%2Fproduct_tag&post=346"}],"curies":[{"name":"wp","href":"https:\/\/api.w.org\/{rel}","templated":true}]}}