{"id":34,"date":"2017-09-29T17:19:24","date_gmt":"2017-09-29T20:19:24","guid":{"rendered":"https:\/\/multiclincard.com.br\/?post_type=product&#038;p=34"},"modified":"2024-07-16T01:31:23","modified_gmt":"2024-07-16T04:31:23","slug":"multifamilia","status":"publish","type":"product","link":"https:\/\/dev.multicliniccard.com.br\/?product=multifamilia","title":{"rendered":"Multifam\u00edlia (+ de 3 dependentes)"},"content":{"rendered":"","protected":false},"excerpt":{"rendered":"<p>&nbsp;<\/p>\n<p>O cart\u00e3o de desconto que n\u00e3o para de crescer: o\u00a0<strong>Multiclin Card<\/strong>\u00a0proporciona acesso a sa\u00fade de qualidade com valores acess\u00edveis para voc\u00ea! \u00c9 possivel obter descontos de at\u00e9 50% em atendimentos realizados na\u00a0<strong>Multiclin<\/strong><strong>\u00a0Salvador-Bahia<\/strong>, exceto para exames do Detran.<\/p>\n<p>Esse plano \u00e9 para voc\u00ea que gostaria de colocar <strong>mais de 3 dependentes<\/strong>. Compre o <strong>Multiclincard <\/strong>pelo site por <strong>R$40,00<\/strong> anual para o<strong>\u00a0<\/strong>titular\u00a0e <strong>R$ 30,00<\/strong> para<strong>\u00a0<\/strong>cada dependente.<\/p>\n","protected":false},"featured_media":35,"template":"","meta":[],"product_brand":[],"product_cat":[24],"product_tag":[],"class_list":{"0":"post-34","1":"product","2":"type-product","3":"status-publish","4":"has-post-thumbnail","6":"product_cat-sem-categoria","8":"first","9":"instock","10":"sale","11":"shipping-taxable","12":"purchasable","13":"product-type-variable"},"_links":{"self":[{"href":"https:\/\/dev.multicliniccard.com.br\/index.php?rest_route=\/wp\/v2\/product\/34","targetHints":{"allow":["GET"]}}],"collection":[{"href":"https:\/\/dev.multicliniccard.com.br\/index.php?rest_route=\/wp\/v2\/product"}],"about":[{"href":"https:\/\/dev.multicliniccard.com.br\/index.php?rest_route=\/wp\/v2\/types\/product"}],"wp:featuredmedia":[{"embeddable":true,"href":"https:\/\/dev.multicliniccard.com.br\/index.php?rest_route=\/wp\/v2\/media\/35"}],"wp:attachment":[{"href":"https:\/\/dev.multicliniccard.com.br\/index.php?rest_route=%2Fwp%2Fv2%2Fmedia&parent=34"}],"wp:term":[{"taxonomy":"product_brand","embeddable":true,"href":"https:\/\/dev.multicliniccard.com.br\/index.php?rest_route=%2Fwp%2Fv2%2Fproduct_brand&post=34"},{"taxonomy":"product_cat","embeddable":true,"href":"https:\/\/dev.multicliniccard.com.br\/index.php?rest_route=%2Fwp%2Fv2%2Fproduct_cat&post=34"},{"taxonomy":"product_tag","embeddable":true,"href":"https:\/\/dev.multicliniccard.com.br\/index.php?rest_route=%2Fwp%2Fv2%2Fproduct_tag&post=34"}],"curies":[{"name":"wp","href":"https:\/\/api.w.org\/{rel}","templated":true}]}}