{"id":66,"date":"2017-10-02T17:11:46","date_gmt":"2017-10-02T20:11:46","guid":{"rendered":"https:\/\/multiclincard.com.br\/?page_id=66"},"modified":"2023-07-28T10:14:52","modified_gmt":"2023-07-28T13:14:52","slug":"como-comprar","status":"publish","type":"page","link":"https:\/\/dev.multicliniccard.com.br\/?page_id=66","title":{"rendered":"Como Comprar"},"content":{"rendered":"<p>[row]<br \/>\n[column lg=&#8221;2&#8243; md=&#8221;12&#8243; sm=&#8221;12&#8243; xs=&#8221;12&#8243;]<\/p>\n<p>[\/column]<br \/>\n[column lg=&#8221;8&#8243; md=&#8221;12&#8243; sm=&#8221;12&#8243; xs=&#8221;12&#8243;]<\/p>\n<h3>O <strong>MulticlinCard<\/strong> oferece 4 modalidades de plano de benef\u00edcios, conhe\u00e7a as caracter\u00edsticas de cada um:<\/h3>\n<ol>\n<li>O <a href=\"https:\/\/multiclincard.com.br\/produto\/individual\/\"><strong>Plano Individual<\/strong><\/a> \u00e9 para uma \u00fanica pessoa f\u00edsica sem dependentes.<\/li>\n<li>O <a href=\"https:\/\/multiclincard.com.br\/produto\/casal\/\"><strong>Plano Casal<\/strong><\/a> \u00e9 feito para uma pessoa f\u00edsica que possui apenas 1 dependente, seja filho ou c\u00f4njuge.<\/li>\n<li>O <a href=\"https:\/\/multiclincard.com.br\/produto\/familia\/\"><strong>Plano Fam\u00edlia<\/strong><\/a> \u00e9 para quem tem at\u00e9 2 dependentes, podendo ser filho ou c\u00f4njuge.<\/li>\n<li><strong>Plano Empresarial:<\/strong> <a href=\"https:\/\/multiclincard.com.br\/multiclincard-para-empresas\/\">voc\u00ea pode saber mais aqui<\/a>.<\/li>\n<\/ol>\n<h3 style=\"text-align: center;\">Ap\u00f3s escolher o plano que melhor atende suas necessidades, siga o passo-a-passo:<\/h3>\n<p><strong>1\u00ba passo:<\/strong> selecionar a modalidade em que voc\u00ea se encaixa.<\/p>\n<p><strong>2\u00ba passo:<\/strong> informar os dados banc\u00e1rios do titular do cart\u00e3o que ser\u00e1 usado para efetivar a compra.<\/p>\n<p><strong>3\u00ba passo:<\/strong> informar os dados do titular e\/ou dependentes que ser\u00e3o cadastrados no cart\u00e3o de benef\u00edcios.<\/p>\n<p><strong>4\u00ba passo:<\/strong> checar se est\u00e3o corretos os valores e a modalidade de cart\u00e3o pr\u00e9-selecionada.<\/p>\n<p><strong>5\u00ba passo:<\/strong> caso estejam todos os dados corretos, selecione o item \u201cfinalizar compra\u201d.<\/p>\n<h3><\/h3>\n<h3 style=\"text-align: center;\">Seguran\u00e7a no pagamento<\/h3>\n<p>O <b>PAGSEGURO <\/b>\u00e9 uma empresa 100% confi\u00e1vel para processar o seu pagamento. Al\u00e9m disso, nosso site possui um certificado de seguran\u00e7a e n\u00e3o armazenamos dados de clientes. \u00c9 poss\u00edvel pagar utilizando um cart\u00e3o de cr\u00e9dito ou boleto.<\/p>\n<p>Estando seus dados corretos, finalize o pagamento. Voc\u00ea ser\u00e1 direcionado para uma p\u00e1gina que confirmar\u00e1 a conclus\u00e3o da sua compra.<\/p>\n<h3 style=\"text-align: center;\">D\u00favidas<\/h3>\n<p>Entre em contato em caso de d\u00favidas ou problemas com sua compra pelo site pelo <strong>telefone<\/strong> 71 3270.9200 ou <strong>whatsapp 71\u00a098144-9456<\/strong><\/p>\n<p>[\/column]<br \/>\n[column lg=&#8221;2&#8243; md=&#8221;12&#8243; sm=&#8221;12&#8243; xs=&#8221;12&#8243;]<\/p>\n<p>[\/column]<br \/>\n[\/row]<\/p>\n","protected":false},"excerpt":{"rendered":"<p>[row] [column lg=&#8221;2&#8243; md=&#8221;12&#8243; sm=&#8221;12&#8243; xs=&#8221;12&#8243;] [\/column] [column lg=&#8221;8&#8243; md=&#8221;12&#8243; sm=&#8221;12&#8243; xs=&#8221;12&#8243;] O MulticlinCard oferece 4 modalidades de plano de benef\u00edcios, conhe\u00e7a as caracter\u00edsticas de cada um: O Plano Individual \u00e9 para uma \u00fanica pessoa f\u00edsica sem dependentes. O Plano Casal \u00e9 feito para uma pessoa f\u00edsica que possui apenas 1 dependente, seja filho ou [&hellip;]<\/p>\n","protected":false},"author":1,"featured_media":0,"parent":0,"menu_order":0,"comment_status":"closed","ping_status":"closed","template":"","meta":{"footnotes":""},"class_list":["post-66","page","type-page","status-publish","hentry"],"_links":{"self":[{"href":"https:\/\/dev.multicliniccard.com.br\/index.php?rest_route=\/wp\/v2\/pages\/66","targetHints":{"allow":["GET"]}}],"collection":[{"href":"https:\/\/dev.multicliniccard.com.br\/index.php?rest_route=\/wp\/v2\/pages"}],"about":[{"href":"https:\/\/dev.multicliniccard.com.br\/index.php?rest_route=\/wp\/v2\/types\/page"}],"author":[{"embeddable":true,"href":"https:\/\/dev.multicliniccard.com.br\/index.php?rest_route=\/wp\/v2\/users\/1"}],"replies":[{"embeddable":true,"href":"https:\/\/dev.multicliniccard.com.br\/index.php?rest_route=%2Fwp%2Fv2%2Fcomments&post=66"}],"version-history":[{"count":0,"href":"https:\/\/dev.multicliniccard.com.br\/index.php?rest_route=\/wp\/v2\/pages\/66\/revisions"}],"wp:attachment":[{"href":"https:\/\/dev.multicliniccard.com.br\/index.php?rest_route=%2Fwp%2Fv2%2Fmedia&parent=66"}],"curies":[{"name":"wp","href":"https:\/\/api.w.org\/{rel}","templated":true}]}}