{"id":231,"date":"2017-10-04T17:11:11","date_gmt":"2017-10-04T20:11:11","guid":{"rendered":"https:\/\/multiclincard.com.br\/?page_id=231"},"modified":"2017-10-06T17:31:31","modified_gmt":"2017-10-06T20:31:31","slug":"multiclincard-para-empresas","status":"publish","type":"page","link":"https:\/\/dev.multicliniccard.com.br\/?page_id=231","title":{"rendered":"Multiclincard para empresas"},"content":{"rendered":"<p>[row]<br \/>\n[column lg=&#8221;6&#8243; md=&#8221;12&#8243; sm=&#8221;12&#8243; xs=&#8221;12&#8243;]<\/p>\n<p><img fetchpriority=\"high\" decoding=\"async\" class=\"alignnone size-full wp-image-233\" src=\"https:\/\/multiclincard.com.br\/wp-content\/uploads\/2017\/09\/multiclincard-empresa-1.jpeg\" alt=\"\" width=\"600\" height=\"400\" srcset=\"https:\/\/dev.multicliniccard.com.br\/wp-content\/uploads\/2017\/09\/multiclincard-empresa-1.jpeg 600w, https:\/\/dev.multicliniccard.com.br\/wp-content\/uploads\/2017\/09\/multiclincard-empresa-1-260x173.jpeg 260w, https:\/\/dev.multicliniccard.com.br\/wp-content\/uploads\/2017\/09\/multiclincard-empresa-1-510x340.jpeg 510w, https:\/\/dev.multicliniccard.com.br\/wp-content\/uploads\/2017\/09\/multiclincard-empresa-1-55x37.jpeg 55w, https:\/\/dev.multicliniccard.com.br\/wp-content\/uploads\/2017\/09\/multiclincard-empresa-1-70x47.jpeg 70w, https:\/\/dev.multicliniccard.com.br\/wp-content\/uploads\/2017\/09\/multiclincard-empresa-1-272x182.jpeg 272w\" sizes=\"(max-width: 600px) 100vw, 600px\" \/><br \/>\n[\/column]<br \/>\n[column lg=&#8221;6&#8243; md=&#8221;12&#8243; sm=&#8221;12&#8243; xs=&#8221;12&#8243;]<\/p>\n<p><strong>O que \u00e9<\/strong><\/p>\n<p>Uma possibilidade inteligente, diferenciada e de custo acess\u00edvel para promover sa\u00fade aos colaboradores de qualquer organiza\u00e7\u00e3o: o Multiclincard Para Empresas \u00e9 um produto pensado para institui\u00e7\u00f5es de pequeno, m\u00e9dio e grande porte que prezam pelo bem-estar de seus funcion\u00e1rios.<\/p>\n<p><strong>Benef\u00edcios para a empresa<\/strong><\/p>\n<p>Boas pr\u00e1ticas em gest\u00e3o de pessoas que geram boa produtividade sempre est\u00e3o atreladas \u00e0 sa\u00fade f\u00edsica e mental do ambiente colaborativo. Por essa raz\u00e3o, as empresas v\u00eam cada vez mais investindo na sa\u00fade dos seus recursos humanos, prevenindo adoecimentos e promovendo qualidade de vida para seus funcion\u00e1rios.<\/p>\n<p><strong>Benef\u00edcios para os colaboradores<\/strong><\/p>\n<p>Com o acesso ao Multiclincard Para Empresas, o colaborador poder\u00e1 cuidar de sua sa\u00fade com consultas, exames e procedimentos que v\u00e3o proporcion\u00e1-lo mais qualidade de vida e um melhor desempenho de suas fun\u00e7\u00f5es, permitindo a ele a utiliza\u00e7\u00e3o de toda sua capacidade f\u00edsica e mental.<\/p>\n<p>[\/column]<br \/>\n[\/row]<\/p>\n<p>[row]<br \/>\n[column lg=&#8221;12&#8243; md=&#8221;12&#8243; sm=&#8221;12&#8243; xs=&#8221;12&#8243;]<\/p>\n<div class=\"box-content\">\n<h3 class=\"text-center\">Entre em contato<\/h3>\n\n<div class=\"wpcf7 no-js\" id=\"wpcf7-f251-o1\" lang=\"pt-BR\" dir=\"ltr\" data-wpcf7-id=\"251\">\n<div class=\"screen-reader-response\"><p role=\"status\" aria-live=\"polite\" aria-atomic=\"true\"><\/p> <ul><\/ul><\/div>\n<form action=\"\/index.php?rest_route=%2Fwp%2Fv2%2Fpages%2F231#wpcf7-f251-o1\" method=\"post\" class=\"wpcf7-form init\" aria-label=\"Formul\u00e1rios de contato\" novalidate=\"novalidate\" data-status=\"init\">\n<div style=\"display: none;\">\n<input type=\"hidden\" name=\"_wpcf7\" value=\"251\" \/>\n<input type=\"hidden\" name=\"_wpcf7_version\" value=\"6.0.6\" \/>\n<input type=\"hidden\" name=\"_wpcf7_locale\" value=\"pt_BR\" \/>\n<input type=\"hidden\" name=\"_wpcf7_unit_tag\" value=\"wpcf7-f251-o1\" \/>\n<input type=\"hidden\" name=\"_wpcf7_container_post\" value=\"0\" \/>\n<input type=\"hidden\" name=\"_wpcf7_posted_data_hash\" value=\"\" \/>\n<\/div>\n<div class=\"row\">\n\t<div class=\"col-md-4\">\n\t\t<p><span class=\"wpcf7-form-control-wrap\" data-name=\"nome\"><input size=\"40\" maxlength=\"400\" class=\"wpcf7-form-control wpcf7-text wpcf7-validates-as-required input-text\" aria-required=\"true\" aria-invalid=\"false\" placeholder=\"Nome completo\" value=\"\" type=\"text\" name=\"nome\" \/><\/span>\n\t\t<\/p>\n\t<\/div>\n\t<div class=\"col-md-4\">\n\t\t<p><span class=\"wpcf7-form-control-wrap\" data-name=\"funcao\"><input size=\"40\" maxlength=\"400\" class=\"wpcf7-form-control wpcf7-text input-text\" aria-invalid=\"false\" placeholder=\"Fun\u00e7\u00e3o\" value=\"\" type=\"text\" name=\"funcao\" \/><\/span>\n\t\t<\/p>\n\t<\/div>\n\t<div class=\"col-md-4\">\n\t\t<p><span class=\"wpcf7-form-control-wrap\" data-name=\"empresa\"><input size=\"40\" maxlength=\"400\" class=\"wpcf7-form-control wpcf7-text wpcf7-validates-as-required input-text\" aria-required=\"true\" aria-invalid=\"false\" placeholder=\"Empresa\" value=\"\" type=\"text\" name=\"empresa\" \/><\/span>\n\t\t<\/p>\n\t<\/div>\n<\/div>\n<div class=\"row\">\n\t<div class=\"col-md-4\">\n\t\t<p><span class=\"wpcf7-form-control-wrap\" data-name=\"telefone\"><input size=\"40\" maxlength=\"400\" class=\"wpcf7-form-control wpcf7-tel wpcf7-text wpcf7-validates-as-tel input-text\" aria-invalid=\"false\" placeholder=\"Telefone\" value=\"\" type=\"tel\" name=\"telefone\" \/><\/span>\n\t\t<\/p>\n\t<\/div>\n\t<div class=\"col-md-4\">\n\t\t<p><span class=\"wpcf7-form-control-wrap\" data-name=\"quantidade\"><input size=\"40\" maxlength=\"400\" class=\"wpcf7-form-control wpcf7-text wpcf7-validates-as-required input-text\" aria-required=\"true\" aria-invalid=\"false\" placeholder=\"Quantidade de funcion\u00e1rios\" value=\"\" type=\"text\" name=\"quantidade\" \/><\/span>\n\t\t<\/p>\n\t<\/div>\n\t<div class=\"col-md-4\">\n\t\t<p><span class=\"wpcf7-form-control-wrap\" data-name=\"Email\"><input size=\"40\" maxlength=\"400\" class=\"wpcf7-form-control wpcf7-email wpcf7-validates-as-required wpcf7-text wpcf7-validates-as-email input-text\" aria-required=\"true\" aria-invalid=\"false\" placeholder=\"Email\" value=\"\" type=\"email\" name=\"Email\" \/><\/span>\n\t\t<\/p>\n\t<\/div>\n<\/div>\n<div class=\"row\">\n\t<div class=\"col-md-6\">\n\t\t<p>[textarea your-message placeholder \"Mensagem\" class:input-text]<br \/>\n<input class=\"wpcf7-form-control wpcf7-submit has-spinner\" type=\"submit\" value=\"Enviar\" \/>\n\t\t<\/p>\n\t<\/div>\n<\/div><input type='hidden' class='wpcf7-pum' value='{\"closepopup\":false,\"closedelay\":0,\"openpopup\":false,\"openpopup_id\":0}' \/><div class=\"wpcf7-response-output\" aria-hidden=\"true\"><\/div>\n<\/form>\n<\/div>\n<\/div>\n<p>[\/column]<br \/>\n[\/row]<\/p>\n","protected":false},"excerpt":{"rendered":"<p>[row] [column lg=&#8221;6&#8243; md=&#8221;12&#8243; sm=&#8221;12&#8243; xs=&#8221;12&#8243;] [\/column] [column lg=&#8221;6&#8243; md=&#8221;12&#8243; sm=&#8221;12&#8243; xs=&#8221;12&#8243;] O que \u00e9 Uma possibilidade inteligente, diferenciada e de custo acess\u00edvel para promover sa\u00fade aos colaboradores de qualquer organiza\u00e7\u00e3o: o Multiclincard Para Empresas \u00e9 um produto pensado para institui\u00e7\u00f5es de pequeno, m\u00e9dio e grande porte que prezam pelo bem-estar de seus funcion\u00e1rios. Benef\u00edcios [&hellip;]<\/p>\n","protected":false},"author":1,"featured_media":0,"parent":0,"menu_order":0,"comment_status":"closed","ping_status":"closed","template":"","meta":{"footnotes":""},"class_list":["post-231","page","type-page","status-publish","hentry"],"_links":{"self":[{"href":"https:\/\/dev.multicliniccard.com.br\/index.php?rest_route=\/wp\/v2\/pages\/231","targetHints":{"allow":["GET"]}}],"collection":[{"href":"https:\/\/dev.multicliniccard.com.br\/index.php?rest_route=\/wp\/v2\/pages"}],"about":[{"href":"https:\/\/dev.multicliniccard.com.br\/index.php?rest_route=\/wp\/v2\/types\/page"}],"author":[{"embeddable":true,"href":"https:\/\/dev.multicliniccard.com.br\/index.php?rest_route=\/wp\/v2\/users\/1"}],"replies":[{"embeddable":true,"href":"https:\/\/dev.multicliniccard.com.br\/index.php?rest_route=%2Fwp%2Fv2%2Fcomments&post=231"}],"version-history":[{"count":0,"href":"https:\/\/dev.multicliniccard.com.br\/index.php?rest_route=\/wp\/v2\/pages\/231\/revisions"}],"wp:attachment":[{"href":"https:\/\/dev.multicliniccard.com.br\/index.php?rest_route=%2Fwp%2Fv2%2Fmedia&parent=231"}],"curies":[{"name":"wp","href":"https:\/\/api.w.org\/{rel}","templated":true}]}}