{"id":18,"date":"2017-09-05T15:42:01","date_gmt":"2017-09-05T18:42:01","guid":{"rendered":"https:\/\/multiclincard.com.br\/?page_id=18"},"modified":"2025-05-05T00:22:25","modified_gmt":"2025-05-05T03:22:25","slug":"home","status":"publish","type":"page","link":"https:\/\/dev.multicliniccard.com.br\/","title":{"rendered":"Home"},"content":{"rendered":"\t\t<div data-elementor-type=\"wp-page\" data-elementor-id=\"18\" class=\"elementor elementor-18\">\n\t\t\t\t<div class=\"elementor-element elementor-element-e4d4a5c e-con-full e-flex e-con e-parent\" data-id=\"e4d4a5c\" data-element_type=\"container\">\n\t\t\t\t<div class=\"elementor-element elementor-element-9d6a639 elementor-widget elementor-widget-image\" data-id=\"9d6a639\" data-element_type=\"widget\" data-widget_type=\"image.default\">\n\t\t\t\t<div class=\"elementor-widget-container\">\n\t\t\t\t\t\t\t\t\t\t\t\t\t\t\t\t<a href=\"https:\/\/dev.multicliniccard.com.br\/?product=cadastro-multiclincard\">\n\t\t\t\t\t\t\t<img fetchpriority=\"high\" decoding=\"async\" width=\"2560\" height=\"956\" src=\"https:\/\/dev.multicliniccard.com.br\/wp-content\/uploads\/2025\/05\/Logo_MulticlinCard_BANNER-SITE-01-scaled.png\" class=\"attachment-full size-full wp-image-15512\" alt=\"\" srcset=\"https:\/\/dev.multicliniccard.com.br\/wp-content\/uploads\/2025\/05\/Logo_MulticlinCard_BANNER-SITE-01-scaled.png 2560w, https:\/\/dev.multicliniccard.com.br\/wp-content\/uploads\/2025\/05\/Logo_MulticlinCard_BANNER-SITE-01-260x97.png 260w, https:\/\/dev.multicliniccard.com.br\/wp-content\/uploads\/2025\/05\/Logo_MulticlinCard_BANNER-SITE-01-830x310.png 830w, https:\/\/dev.multicliniccard.com.br\/wp-content\/uploads\/2025\/05\/Logo_MulticlinCard_BANNER-SITE-01-768x287.png 768w, https:\/\/dev.multicliniccard.com.br\/wp-content\/uploads\/2025\/05\/Logo_MulticlinCard_BANNER-SITE-01-1536x574.png 1536w, https:\/\/dev.multicliniccard.com.br\/wp-content\/uploads\/2025\/05\/Logo_MulticlinCard_BANNER-SITE-01-2048x765.png 2048w, https:\/\/dev.multicliniccard.com.br\/wp-content\/uploads\/2025\/05\/Logo_MulticlinCard_BANNER-SITE-01-600x224.png 600w\" sizes=\"(max-width: 2560px) 100vw, 2560px\" \/>\t\t\t\t\t\t\t\t<\/a>\n\t\t\t\t\t\t\t\t\t\t\t\t\t\t\t<\/div>\n\t\t\t\t<\/div>\n\t\t\t\t<\/div>\n\t\t<div class=\"elementor-element elementor-element-478f109 e-flex e-con-boxed e-con e-parent\" data-id=\"478f109\" data-element_type=\"container\">\n\t\t\t\t\t<div class=\"e-con-inner\">\n\t\t\t\t<div class=\"elementor-element elementor-element-491ae0b elementor-widget elementor-widget-heading\" data-id=\"491ae0b\" data-element_type=\"widget\" data-widget_type=\"heading.default\">\n\t\t\t\t<div class=\"elementor-widget-container\">\n\t\t\t\t\t<h1 class=\"elementor-heading-title elementor-size-default\">FA\u00c7A SEU CART\u00c3O<\/h1>\t\t\t\t<\/div>\n\t\t\t\t<\/div>\n\t\t<div class=\"elementor-element elementor-element-801ed59 e-flex e-con-boxed e-con e-child\" data-id=\"801ed59\" data-element_type=\"container\">\n\t\t\t\t\t<div class=\"e-con-inner\">\n\t\t<div class=\"elementor-element elementor-element-95b092b e-flex e-con-boxed e-con e-child\" data-id=\"95b092b\" data-element_type=\"container\">\n\t\t\t\t\t<div class=\"e-con-inner\">\n\t\t\t\t<div class=\"elementor-element elementor-element-dc20dc6 elementor-widget elementor-widget-image\" data-id=\"dc20dc6\" data-element_type=\"widget\" data-widget_type=\"image.default\">\n\t\t\t\t<div class=\"elementor-widget-container\">\n\t\t\t\t\t\t\t\t\t\t\t\t\t\t\t<img decoding=\"async\" width=\"260\" height=\"173\" src=\"https:\/\/dev.multicliniccard.com.br\/wp-content\/uploads\/2017\/09\/multiclincard-individual2-260x173.jpeg\" class=\"attachment-medium size-medium wp-image-33\" alt=\"\" srcset=\"https:\/\/dev.multicliniccard.com.br\/wp-content\/uploads\/2017\/09\/multiclincard-individual2-260x173.jpeg 260w, https:\/\/dev.multicliniccard.com.br\/wp-content\/uploads\/2017\/09\/multiclincard-individual2.jpeg 600w, https:\/\/dev.multicliniccard.com.br\/wp-content\/uploads\/2017\/09\/multiclincard-individual2-510x340.jpeg 510w, https:\/\/dev.multicliniccard.com.br\/wp-content\/uploads\/2017\/09\/multiclincard-individual2-55x37.jpeg 55w, https:\/\/dev.multicliniccard.com.br\/wp-content\/uploads\/2017\/09\/multiclincard-individual2-70x47.jpeg 70w\" sizes=\"(max-width: 260px) 100vw, 260px\" \/>\t\t\t\t\t\t\t\t\t\t\t\t\t\t\t<\/div>\n\t\t\t\t<\/div>\n\t\t\t\t<div class=\"elementor-element elementor-element-713703b elementor-widget elementor-widget-heading\" data-id=\"713703b\" data-element_type=\"widget\" data-widget_type=\"heading.default\">\n\t\t\t\t<div class=\"elementor-widget-container\">\n\t\t\t\t\t<h3 class=\"elementor-heading-title elementor-size-default\">MULTICLINICCARD INDIVIDUAL<\/h3>\t\t\t\t<\/div>\n\t\t\t\t<\/div>\n\t\t\t\t<div class=\"elementor-element elementor-element-c9f5e59 elementor-widget elementor-widget-spacer\" data-id=\"c9f5e59\" data-element_type=\"widget\" data-widget_type=\"spacer.default\">\n\t\t\t\t<div class=\"elementor-widget-container\">\n\t\t\t\t\t\t\t<div class=\"elementor-spacer\">\n\t\t\t<div class=\"elementor-spacer-inner\"><\/div>\n\t\t<\/div>\n\t\t\t\t\t\t<\/div>\n\t\t\t\t<\/div>\n\t\t\t\t<div class=\"elementor-element elementor-element-15726a0 elementor-widget elementor-widget-heading\" data-id=\"15726a0\" data-element_type=\"widget\" data-widget_type=\"heading.default\">\n\t\t\t\t<div class=\"elementor-widget-container\">\n\t\t\t\t\t<p class=\"elementor-heading-title elementor-size-default\">1 Titular: R$ 40,00<\/p>\t\t\t\t<\/div>\n\t\t\t\t<\/div>\n\t\t\t\t<div class=\"elementor-element elementor-element-abd4c40 elementor-widget elementor-widget-button\" data-id=\"abd4c40\" data-element_type=\"widget\" data-widget_type=\"button.default\">\n\t\t\t\t<div class=\"elementor-widget-container\">\n\t\t\t\t\t\t\t\t\t<div class=\"elementor-button-wrapper\">\n\t\t\t\t\t<a class=\"elementor-button elementor-button-link elementor-size-sm\" href=\"https:\/\/dev.multicliniccard.com.br\/?product=individual\">\n\t\t\t\t\t\t<span class=\"elementor-button-content-wrapper\">\n\t\t\t\t\t\t\t\t\t<span class=\"elementor-button-text\">SAIBA MAIS<\/span>\n\t\t\t\t\t<\/span>\n\t\t\t\t\t<\/a>\n\t\t\t\t<\/div>\n\t\t\t\t\t\t\t\t<\/div>\n\t\t\t\t<\/div>\n\t\t\t\t\t<\/div>\n\t\t\t\t<\/div>\n\t\t<div class=\"elementor-element elementor-element-39e355c e-flex e-con-boxed e-con e-child\" data-id=\"39e355c\" data-element_type=\"container\">\n\t\t\t\t\t<div class=\"e-con-inner\">\n\t\t\t\t<div class=\"elementor-element elementor-element-5f0719a elementor-widget elementor-widget-image\" data-id=\"5f0719a\" data-element_type=\"widget\" data-widget_type=\"image.default\">\n\t\t\t\t<div class=\"elementor-widget-container\">\n\t\t\t\t\t\t\t\t\t\t\t\t\t\t\t<img decoding=\"async\" width=\"260\" height=\"173\" src=\"https:\/\/dev.multicliniccard.com.br\/wp-content\/uploads\/2017\/09\/multiclincard-casal-260x173.jpeg\" class=\"attachment-medium size-medium wp-image-30\" alt=\"\" srcset=\"https:\/\/dev.multicliniccard.com.br\/wp-content\/uploads\/2017\/09\/multiclincard-casal-260x173.jpeg 260w, https:\/\/dev.multicliniccard.com.br\/wp-content\/uploads\/2017\/09\/multiclincard-casal.jpeg 600w, https:\/\/dev.multicliniccard.com.br\/wp-content\/uploads\/2017\/09\/multiclincard-casal-510x340.jpeg 510w, https:\/\/dev.multicliniccard.com.br\/wp-content\/uploads\/2017\/09\/multiclincard-casal-55x37.jpeg 55w, https:\/\/dev.multicliniccard.com.br\/wp-content\/uploads\/2017\/09\/multiclincard-casal-70x47.jpeg 70w\" sizes=\"(max-width: 260px) 100vw, 260px\" \/>\t\t\t\t\t\t\t\t\t\t\t\t\t\t\t<\/div>\n\t\t\t\t<\/div>\n\t\t\t\t<div class=\"elementor-element elementor-element-d08de0f elementor-widget elementor-widget-heading\" data-id=\"d08de0f\" data-element_type=\"widget\" data-widget_type=\"heading.default\">\n\t\t\t\t<div class=\"elementor-widget-container\">\n\t\t\t\t\t<h3 class=\"elementor-heading-title elementor-size-default\">MULTICLINICCARD CASAL<\/h3>\t\t\t\t<\/div>\n\t\t\t\t<\/div>\n\t\t\t\t<div class=\"elementor-element elementor-element-39ab2db elementor-widget elementor-widget-spacer\" data-id=\"39ab2db\" data-element_type=\"widget\" data-widget_type=\"spacer.default\">\n\t\t\t\t<div class=\"elementor-widget-container\">\n\t\t\t\t\t\t\t<div class=\"elementor-spacer\">\n\t\t\t<div class=\"elementor-spacer-inner\"><\/div>\n\t\t<\/div>\n\t\t\t\t\t\t<\/div>\n\t\t\t\t<\/div>\n\t\t\t\t<div class=\"elementor-element elementor-element-41a0778 elementor-widget elementor-widget-heading\" data-id=\"41a0778\" data-element_type=\"widget\" data-widget_type=\"heading.default\">\n\t\t\t\t<div class=\"elementor-widget-container\">\n\t\t\t\t\t<p class=\"elementor-heading-title elementor-size-default\">Titular + 1 Dependente: R$ 70,00<\/p>\t\t\t\t<\/div>\n\t\t\t\t<\/div>\n\t\t\t\t<div class=\"elementor-element elementor-element-499a37f elementor-widget elementor-widget-button\" data-id=\"499a37f\" data-element_type=\"widget\" data-widget_type=\"button.default\">\n\t\t\t\t<div class=\"elementor-widget-container\">\n\t\t\t\t\t\t\t\t\t<div class=\"elementor-button-wrapper\">\n\t\t\t\t\t<a class=\"elementor-button elementor-button-link elementor-size-sm\" href=\"https:\/\/dev.multicliniccard.com.br\/?product=casal\">\n\t\t\t\t\t\t<span class=\"elementor-button-content-wrapper\">\n\t\t\t\t\t\t\t\t\t<span class=\"elementor-button-text\">SAIBA MAIS<\/span>\n\t\t\t\t\t<\/span>\n\t\t\t\t\t<\/a>\n\t\t\t\t<\/div>\n\t\t\t\t\t\t\t\t<\/div>\n\t\t\t\t<\/div>\n\t\t\t\t\t<\/div>\n\t\t\t\t<\/div>\n\t\t<div class=\"elementor-element elementor-element-b609082 e-flex e-con-boxed e-con e-child\" data-id=\"b609082\" data-element_type=\"container\">\n\t\t\t\t\t<div class=\"e-con-inner\">\n\t\t\t\t<div class=\"elementor-element elementor-element-61d0015 elementor-widget elementor-widget-image\" data-id=\"61d0015\" data-element_type=\"widget\" data-widget_type=\"image.default\">\n\t\t\t\t<div class=\"elementor-widget-container\">\n\t\t\t\t\t\t\t\t\t\t\t\t\t\t\t<img loading=\"lazy\" decoding=\"async\" width=\"260\" height=\"173\" src=\"https:\/\/dev.multicliniccard.com.br\/wp-content\/uploads\/2017\/09\/multiclincard-familia-260x173.jpeg\" class=\"attachment-medium size-medium wp-image-32\" alt=\"\" srcset=\"https:\/\/dev.multicliniccard.com.br\/wp-content\/uploads\/2017\/09\/multiclincard-familia-260x173.jpeg 260w, https:\/\/dev.multicliniccard.com.br\/wp-content\/uploads\/2017\/09\/multiclincard-familia.jpeg 600w, https:\/\/dev.multicliniccard.com.br\/wp-content\/uploads\/2017\/09\/multiclincard-familia-510x340.jpeg 510w, https:\/\/dev.multicliniccard.com.br\/wp-content\/uploads\/2017\/09\/multiclincard-familia-55x37.jpeg 55w, https:\/\/dev.multicliniccard.com.br\/wp-content\/uploads\/2017\/09\/multiclincard-familia-70x47.jpeg 70w\" sizes=\"(max-width: 260px) 100vw, 260px\" \/>\t\t\t\t\t\t\t\t\t\t\t\t\t\t\t<\/div>\n\t\t\t\t<\/div>\n\t\t\t\t<div class=\"elementor-element elementor-element-0ddd2d0 elementor-widget elementor-widget-heading\" data-id=\"0ddd2d0\" data-element_type=\"widget\" data-widget_type=\"heading.default\">\n\t\t\t\t<div class=\"elementor-widget-container\">\n\t\t\t\t\t<h3 class=\"elementor-heading-title elementor-size-default\">MULTICLINICCARD PARA FAM\u00cdLIA<\/h3>\t\t\t\t<\/div>\n\t\t\t\t<\/div>\n\t\t\t\t<div class=\"elementor-element elementor-element-8cc2b4d elementor-widget elementor-widget-spacer\" data-id=\"8cc2b4d\" data-element_type=\"widget\" data-widget_type=\"spacer.default\">\n\t\t\t\t<div class=\"elementor-widget-container\">\n\t\t\t\t\t\t\t<div class=\"elementor-spacer\">\n\t\t\t<div class=\"elementor-spacer-inner\"><\/div>\n\t\t<\/div>\n\t\t\t\t\t\t<\/div>\n\t\t\t\t<\/div>\n\t\t\t\t<div class=\"elementor-element elementor-element-9a8faa7 elementor-widget elementor-widget-heading\" data-id=\"9a8faa7\" data-element_type=\"widget\" data-widget_type=\"heading.default\">\n\t\t\t\t<div class=\"elementor-widget-container\">\n\t\t\t\t\t<p class=\"elementor-heading-title elementor-size-default\">Titular + 2 dependentes: R$ 100,00<\/p>\t\t\t\t<\/div>\n\t\t\t\t<\/div>\n\t\t\t\t<div class=\"elementor-element elementor-element-736a1e2 elementor-widget elementor-widget-button\" data-id=\"736a1e2\" data-element_type=\"widget\" data-widget_type=\"button.default\">\n\t\t\t\t<div class=\"elementor-widget-container\">\n\t\t\t\t\t\t\t\t\t<div class=\"elementor-button-wrapper\">\n\t\t\t\t\t<a class=\"elementor-button elementor-button-link elementor-size-sm\" href=\"https:\/\/dev.multicliniccard.com.br\/?product=familia\">\n\t\t\t\t\t\t<span class=\"elementor-button-content-wrapper\">\n\t\t\t\t\t\t\t\t\t<span class=\"elementor-button-text\">SAIBA MAIS<\/span>\n\t\t\t\t\t<\/span>\n\t\t\t\t\t<\/a>\n\t\t\t\t<\/div>\n\t\t\t\t\t\t\t\t<\/div>\n\t\t\t\t<\/div>\n\t\t\t\t\t<\/div>\n\t\t\t\t<\/div>\n\t\t<div class=\"elementor-element elementor-element-5e941e0 e-flex e-con-boxed e-con e-child\" data-id=\"5e941e0\" data-element_type=\"container\">\n\t\t\t\t\t<div class=\"e-con-inner\">\n\t\t\t\t<div class=\"elementor-element elementor-element-3962589 elementor-widget elementor-widget-image\" data-id=\"3962589\" data-element_type=\"widget\" data-widget_type=\"image.default\">\n\t\t\t\t<div class=\"elementor-widget-container\">\n\t\t\t\t\t\t\t\t\t\t\t\t\t\t\t<img loading=\"lazy\" decoding=\"async\" width=\"260\" height=\"173\" src=\"https:\/\/dev.multicliniccard.com.br\/wp-content\/uploads\/2017\/09\/multiclincard-plus-260x173.jpg\" class=\"attachment-medium size-medium wp-image-373\" alt=\"\" srcset=\"https:\/\/dev.multicliniccard.com.br\/wp-content\/uploads\/2017\/09\/multiclincard-plus-260x173.jpg 260w, https:\/\/dev.multicliniccard.com.br\/wp-content\/uploads\/2017\/09\/multiclincard-plus.jpg 600w, https:\/\/dev.multicliniccard.com.br\/wp-content\/uploads\/2017\/09\/multiclincard-plus-510x340.jpg 510w, https:\/\/dev.multicliniccard.com.br\/wp-content\/uploads\/2017\/09\/multiclincard-plus-55x37.jpg 55w, https:\/\/dev.multicliniccard.com.br\/wp-content\/uploads\/2017\/09\/multiclincard-plus-70x47.jpg 70w, https:\/\/dev.multicliniccard.com.br\/wp-content\/uploads\/2017\/09\/multiclincard-plus-272x182.jpg 272w\" sizes=\"(max-width: 260px) 100vw, 260px\" \/>\t\t\t\t\t\t\t\t\t\t\t\t\t\t\t<\/div>\n\t\t\t\t<\/div>\n\t\t\t\t<div class=\"elementor-element elementor-element-dc84524 elementor-widget elementor-widget-heading\" data-id=\"dc84524\" data-element_type=\"widget\" data-widget_type=\"heading.default\">\n\t\t\t\t<div class=\"elementor-widget-container\">\n\t\t\t\t\t<h3 class=\"elementor-heading-title elementor-size-default\">MULTICLINICCARD MIX<\/h3>\t\t\t\t<\/div>\n\t\t\t\t<\/div>\n\t\t\t\t<div class=\"elementor-element elementor-element-21cf68d elementor-widget elementor-widget-spacer\" data-id=\"21cf68d\" data-element_type=\"widget\" data-widget_type=\"spacer.default\">\n\t\t\t\t<div class=\"elementor-widget-container\">\n\t\t\t\t\t\t\t<div class=\"elementor-spacer\">\n\t\t\t<div class=\"elementor-spacer-inner\"><\/div>\n\t\t<\/div>\n\t\t\t\t\t\t<\/div>\n\t\t\t\t<\/div>\n\t\t\t\t<div class=\"elementor-element elementor-element-344683d elementor-widget elementor-widget-heading\" data-id=\"344683d\" data-element_type=\"widget\" data-widget_type=\"heading.default\">\n\t\t\t\t<div class=\"elementor-widget-container\">\n\t\t\t\t\t<p class=\"elementor-heading-title elementor-size-default\">Adicione at\u00e9 5 dependentes<\/p>\t\t\t\t<\/div>\n\t\t\t\t<\/div>\n\t\t\t\t<div class=\"elementor-element elementor-element-55c048d elementor-widget elementor-widget-button\" data-id=\"55c048d\" data-element_type=\"widget\" data-widget_type=\"button.default\">\n\t\t\t\t<div class=\"elementor-widget-container\">\n\t\t\t\t\t\t\t\t\t<div class=\"elementor-button-wrapper\">\n\t\t\t\t\t<a class=\"elementor-button elementor-button-link elementor-size-sm\" href=\"https:\/\/dev.multicliniccard.com.br\/?product=multifamilia\">\n\t\t\t\t\t\t<span class=\"elementor-button-content-wrapper\">\n\t\t\t\t\t\t\t\t\t<span class=\"elementor-button-text\">SAIBA MAIS<\/span>\n\t\t\t\t\t<\/span>\n\t\t\t\t\t<\/a>\n\t\t\t\t<\/div>\n\t\t\t\t\t\t\t\t<\/div>\n\t\t\t\t<\/div>\n\t\t\t\t\t<\/div>\n\t\t\t\t<\/div>\n\t\t\t\t\t<\/div>\n\t\t\t\t<\/div>\n\t\t\t\t\t<\/div>\n\t\t\t\t<\/div>\n\t\t<div class=\"elementor-element elementor-element-01e6999 e-con-full e-flex e-con e-parent\" data-id=\"01e6999\" data-element_type=\"container\" data-settings=\"{&quot;background_background&quot;:&quot;classic&quot;}\">\n\t\t\t\t<div class=\"elementor-element elementor-element-56c4b09 elementor-widget elementor-widget-heading\" data-id=\"56c4b09\" data-element_type=\"widget\" data-widget_type=\"heading.default\">\n\t\t\t\t<div class=\"elementor-widget-container\">\n\t\t\t\t\t<h1 class=\"elementor-heading-title elementor-size-default\">CONHE\u00c7A O MULTICLINCARD<\/h1>\t\t\t\t<\/div>\n\t\t\t\t<\/div>\n\t\t\t\t<div class=\"elementor-element elementor-element-5da05bd elementor-widget elementor-widget-heading\" data-id=\"5da05bd\" data-element_type=\"widget\" data-widget_type=\"heading.default\">\n\t\t\t\t<div class=\"elementor-widget-container\">\n\t\t\t\t\t<h2 class=\"elementor-heading-title elementor-size-default\">Sabia que \u00e9 poss\u00edvel economizar em procedimentos m\u00e9dicos?<\/h2>\t\t\t\t<\/div>\n\t\t\t\t<\/div>\n\t\t\t\t<div class=\"elementor-element elementor-element-1dc25bc elementor-widget elementor-widget-heading\" data-id=\"1dc25bc\" data-element_type=\"widget\" data-widget_type=\"heading.default\">\n\t\t\t\t<div class=\"elementor-widget-container\">\n\t\t\t\t\t<h6 class=\"elementor-heading-title elementor-size-default\">Com o cart\u00e3o MulticlinCard, um produto exclusivo da Multiclin, al\u00e9m de uma s\u00e9rie de benef\u00edcios, voc\u00ea pode ter descontos de at\u00e9 50% em todos os atendimentos realizados na nossa cl\u00ednica e at\u00e9 50% em servi\u00e7os dos nossos parceiros (CONSULTE CONDI\u00c7\u00d5ES).<\/h6>\t\t\t\t<\/div>\n\t\t\t\t<\/div>\n\t\t\t\t<div class=\"elementor-element elementor-element-8a4fa47 elementor-widget elementor-widget-button\" data-id=\"8a4fa47\" data-element_type=\"widget\" data-widget_type=\"button.default\">\n\t\t\t\t<div class=\"elementor-widget-container\">\n\t\t\t\t\t\t\t\t\t<div class=\"elementor-button-wrapper\">\n\t\t\t\t\t<a class=\"elementor-button elementor-size-sm\" role=\"button\">\n\t\t\t\t\t\t<span class=\"elementor-button-content-wrapper\">\n\t\t\t\t\t\t\t\t\t<span class=\"elementor-button-text\">SAIBA MAIS<\/span>\n\t\t\t\t\t<\/span>\n\t\t\t\t\t<\/a>\n\t\t\t\t<\/div>\n\t\t\t\t\t\t\t\t<\/div>\n\t\t\t\t<\/div>\n\t\t\t\t<\/div>\n\t\t<div class=\"elementor-element elementor-element-9dc6504 e-con-full e-flex e-con e-parent\" data-id=\"9dc6504\" data-element_type=\"container\">\n\t\t\t\t<div class=\"elementor-element elementor-element-1b0c53c elementor-widget elementor-widget-heading\" data-id=\"1b0c53c\" data-element_type=\"widget\" data-widget_type=\"heading.default\">\n\t\t\t\t<div class=\"elementor-widget-container\">\n\t\t\t\t\t<h2 class=\"elementor-heading-title elementor-size-default\">PARCEIROS<\/h2>\t\t\t\t<\/div>\n\t\t\t\t<\/div>\n\t\t\t\t<div class=\"elementor-element elementor-element-03f71fb elementor-widget elementor-widget-image\" data-id=\"03f71fb\" data-element_type=\"widget\" data-widget_type=\"image.default\">\n\t\t\t\t<div class=\"elementor-widget-container\">\n\t\t\t\t\t\t\t\t\t\t\t\t\t\t\t<img loading=\"lazy\" decoding=\"async\" width=\"1600\" height=\"600\" src=\"https:\/\/dev.multicliniccard.com.br\/wp-content\/uploads\/2024\/07\/IMG-20240711-WA0020.jpg\" class=\"attachment-full size-full wp-image-13951\" alt=\"\" srcset=\"https:\/\/dev.multicliniccard.com.br\/wp-content\/uploads\/2024\/07\/IMG-20240711-WA0020.jpg 1600w, https:\/\/dev.multicliniccard.com.br\/wp-content\/uploads\/2024\/07\/IMG-20240711-WA0020-260x98.jpg 260w, https:\/\/dev.multicliniccard.com.br\/wp-content\/uploads\/2024\/07\/IMG-20240711-WA0020-830x311.jpg 830w, https:\/\/dev.multicliniccard.com.br\/wp-content\/uploads\/2024\/07\/IMG-20240711-WA0020-768x288.jpg 768w, https:\/\/dev.multicliniccard.com.br\/wp-content\/uploads\/2024\/07\/IMG-20240711-WA0020-1536x576.jpg 1536w, https:\/\/dev.multicliniccard.com.br\/wp-content\/uploads\/2024\/07\/IMG-20240711-WA0020-600x225.jpg 600w\" sizes=\"(max-width: 1600px) 100vw, 1600px\" \/>\t\t\t\t\t\t\t\t\t\t\t\t\t\t\t<\/div>\n\t\t\t\t<\/div>\n\t\t\t\t<\/div>\n\t\t\t\t<\/div>\n\t\t","protected":false},"excerpt":{"rendered":"<p>FA\u00c7A SEU CART\u00c3O MULTICLINICCARD INDIVIDUAL 1 Titular: R$ 40,00 SAIBA MAIS MULTICLINICCARD CASAL Titular + 1 Dependente: R$ 70,00 SAIBA MAIS MULTICLINICCARD PARA FAM\u00cdLIA Titular + 2 dependentes: R$ 100,00 SAIBA MAIS MULTICLINICCARD MIX Adicione at\u00e9 5 dependentes SAIBA MAIS CONHE\u00c7A O MULTICLINCARD Sabia que \u00e9 poss\u00edvel economizar em procedimentos m\u00e9dicos? Com o cart\u00e3o MulticlinCard, [&hellip;]<\/p>\n","protected":false},"author":1,"featured_media":0,"parent":0,"menu_order":0,"comment_status":"closed","ping_status":"closed","template":"","meta":{"footnotes":""},"class_list":["post-18","page","type-page","status-publish","hentry"],"_links":{"self":[{"href":"https:\/\/dev.multicliniccard.com.br\/index.php?rest_route=\/wp\/v2\/pages\/18","targetHints":{"allow":["GET"]}}],"collection":[{"href":"https:\/\/dev.multicliniccard.com.br\/index.php?rest_route=\/wp\/v2\/pages"}],"about":[{"href":"https:\/\/dev.multicliniccard.com.br\/index.php?rest_route=\/wp\/v2\/types\/page"}],"author":[{"embeddable":true,"href":"https:\/\/dev.multicliniccard.com.br\/index.php?rest_route=\/wp\/v2\/users\/1"}],"replies":[{"embeddable":true,"href":"https:\/\/dev.multicliniccard.com.br\/index.php?rest_route=%2Fwp%2Fv2%2Fcomments&post=18"}],"version-history":[{"count":9,"href":"https:\/\/dev.multicliniccard.com.br\/index.php?rest_route=\/wp\/v2\/pages\/18\/revisions"}],"predecessor-version":[{"id":15519,"href":"https:\/\/dev.multicliniccard.com.br\/index.php?rest_route=\/wp\/v2\/pages\/18\/revisions\/15519"}],"wp:attachment":[{"href":"https:\/\/dev.multicliniccard.com.br\/index.php?rest_route=%2Fwp%2Fv2%2Fmedia&parent=18"}],"curies":[{"name":"wp","href":"https:\/\/api.w.org\/{rel}","templated":true}]}}